{"id":33,"date":"2025-08-27T07:49:50","date_gmt":"2025-08-27T07:49:50","guid":{"rendered":"https:\/\/www.tulevaisuusluotain.fi\/docs\/?page_id=33"},"modified":"2025-11-05T11:54:06","modified_gmt":"2025-11-05T11:54:06","slug":"33-2","status":"publish","type":"page","link":"https:\/\/www.tulevaisuusluotain.fi\/docs\/?page_id=33","title":{"rendered":"Tulevaisuuskuva"},"content":{"rendered":"\n<p>T\u00e4ll\u00e4 sivulla voit tarkastella milt\u00e4 n\u00e4ytt\u00e4v\u00e4t pidemm\u00e4n aikav\u00e4lin koulutustarpeet ja osaamisen tulevaisuus H\u00e4meess\u00e4<\/p>\n\n\n\n        <div class=\"centerContainer\">\n            <iframe src='https:\/\/flo.uri.sh\/story\/2953105\/embed' title='Interactive or visual content'\n                class='flourish-embed-iframe' frameborder='0' scrolling='no' style='width:100%;height:800px;'\n                sandbox='allow-same-origin allow-forms allow-scripts allow-downloads allow-popups allow-popups-to-escape-sandbox allow-top-navigation-by-user-activation'><\/iframe>\n        <\/div><div align=\"center\">\n        *L\u00e4hde <a href=\"https:\/\/vipunen.fi\/fi-fi\/ennakointi\/Sivut\/Ty%C3%B6voiman-koulutustarpeet.aspx\"\n            style=\"color: #6e6d6d;\" target=\"_blank\">Opetushallinnon tilastopalvelu, Vipunen<\/a><\/div>\n\n\n\n<div class=\"wp-block-group alignfull has-global-padding is-layout-constrained wp-block-group-is-layout-constrained\" style=\"margin-top:0;margin-bottom:0\">\n<div class=\"wp-block-columns alignfull is-layout-flex wp-container-core-columns-is-layout-9c22b1e3 wp-block-columns-is-layout-flex\">\n<div class=\"wp-block-column is-layout-flow wp-block-column-is-layout-flow\"><\/div>\n\n\n\n<div class=\"wp-block-column is-layout-flow wp-block-column-is-layout-flow\" style=\"flex-basis:55%\">\n\n<p align='center' max-witdh=60%>\n\n<br><br><h3>H\u00e4meen osaamistarpeisiin vaikuttavia trendej\u00e4<\/h3>\n            H\u00e4meen osaamistarpeiden ennakointiverkosto kokoontui kev\u00e4\u00e4ll\u00e4 2025\n                j\u00e4rjestettyyn ennakointity\u00f6pajaan tunnistamaan osaamistarpeisiin vaikuttavia muutostekij\u00f6it\u00e4 sek\u00e4\n                pohtimaan niiden vaikutuksia alueen tulevaisuuden osaamistarpeisiin. Ty\u00f6skentelyss\u00e4 hy\u00f6dynnettiin Sitran\n                megatrendikortteja, Ota trendi haltuun -ty\u00f6kalua sek\u00e4 Tulevaisuusluotain.fi-sivuston kehitysversion\n                tilastotietoja. Ty\u00f6pajan tuloksena tunnistettiin useita trendej\u00e4, joilla arvioitiin olevan merkitt\u00e4v\u00e4\n                vaikutus H\u00e4meen tulevaisuuden osaamistarpeisiin. <br>\n                <br>\n <iframe src='https:\/\/flo.uri.sh\/visualisation\/23438046\/embed' title='Interactive or visual content'\n                    class='flourish-embed-iframe' frameborder='0' scrolling='no' style='width:100%;height:1200px;'\n                    sandbox='allow-same-origin allow-forms allow-scripts allow-downloads allow-popups allow-popups-to-escape-sandbox allow-top-navigation-by-user-activation'><\/iframe>\n<\/p>\n<\/div>\n\n\n\n<div class=\"wp-block-column is-layout-flow wp-block-column-is-layout-flow\"><\/div>\n<\/div>\n\n\n\n<figure class=\"wp-block-image size-large\"><img loading=\"lazy\" decoding=\"async\" width=\"1024\" height=\"738\" src=\"https:\/\/www.tulevaisuusluotain.fi\/docs\/wp-content\/uploads\/2025\/11\/Tunnistettuja-muutostekijoita-1024x738.png\" alt=\"\" class=\"wp-image-107\" srcset=\"https:\/\/www.tulevaisuusluotain.fi\/docs\/wp-content\/uploads\/2025\/11\/Tunnistettuja-muutostekijoita-1024x738.png 1024w, https:\/\/www.tulevaisuusluotain.fi\/docs\/wp-content\/uploads\/2025\/11\/Tunnistettuja-muutostekijoita-300x216.png 300w, https:\/\/www.tulevaisuusluotain.fi\/docs\/wp-content\/uploads\/2025\/11\/Tunnistettuja-muutostekijoita-768x554.png 768w, https:\/\/www.tulevaisuusluotain.fi\/docs\/wp-content\/uploads\/2025\/11\/Tunnistettuja-muutostekijoita.png 1416w\" sizes=\"auto, (max-width: 1024px) 100vw, 1024px\" \/><\/figure>\n","protected":false},"excerpt":{"rendered":"<p>T\u00e4ll\u00e4 sivulla voit tarkastella milt\u00e4 n\u00e4ytt\u00e4v\u00e4t pidemm\u00e4n aikav\u00e4lin koulutustarpeet ja osaamisen tulevaisuus H\u00e4meess\u00e4 *L\u00e4hde Opetushallinnon tilastopalvelu, Vipunen<\/p>\n","protected":false},"author":1,"featured_media":0,"parent":0,"menu_order":0,"comment_status":"closed","ping_status":"closed","template":"","meta":{"footnotes":""},"class_list":["post-33","page","type-page","status-publish","hentry"],"_links":{"self":[{"href":"https:\/\/www.tulevaisuusluotain.fi\/docs\/index.php?rest_route=\/wp\/v2\/pages\/33","targetHints":{"allow":["GET"]}}],"collection":[{"href":"https:\/\/www.tulevaisuusluotain.fi\/docs\/index.php?rest_route=\/wp\/v2\/pages"}],"about":[{"href":"https:\/\/www.tulevaisuusluotain.fi\/docs\/index.php?rest_route=\/wp\/v2\/types\/page"}],"author":[{"embeddable":true,"href":"https:\/\/www.tulevaisuusluotain.fi\/docs\/index.php?rest_route=\/wp\/v2\/users\/1"}],"replies":[{"embeddable":true,"href":"https:\/\/www.tulevaisuusluotain.fi\/docs\/index.php?rest_route=%2Fwp%2Fv2%2Fcomments&post=33"}],"version-history":[{"count":45,"href":"https:\/\/www.tulevaisuusluotain.fi\/docs\/index.php?rest_route=\/wp\/v2\/pages\/33\/revisions"}],"predecessor-version":[{"id":155,"href":"https:\/\/www.tulevaisuusluotain.fi\/docs\/index.php?rest_route=\/wp\/v2\/pages\/33\/revisions\/155"}],"wp:attachment":[{"href":"https:\/\/www.tulevaisuusluotain.fi\/docs\/index.php?rest_route=%2Fwp%2Fv2%2Fmedia&parent=33"}],"curies":[{"name":"wp","href":"https:\/\/api.w.org\/{rel}","templated":true}]}}