{"id":25,"date":"2025-08-25T12:23:11","date_gmt":"2025-08-25T12:23:11","guid":{"rendered":"https:\/\/www.tulevaisuusluotain.fi\/docs\/?page_id=25"},"modified":"2025-09-12T08:04:57","modified_gmt":"2025-09-12T08:04:57","slug":"lue-minut","status":"publish","type":"page","link":"https:\/\/www.tulevaisuusluotain.fi\/docs\/?page_id=25","title":{"rendered":"Muokkaa"},"content":{"rendered":"\n<p>T\u00e4ss\u00e4 ohjesivu p\u00e4\u00e4toimittajalle.<\/p>\n\n\n\n<ol class=\"wp-block-list\">\n<li><a href=\"https:\/\/www.tulevaisuusluotain.fi\/docs\/wp-login.php\" data-type=\"page\" data-id=\"33\">Kirjaudu sis\u00e4\u00e4n<\/a> jos haluat lis\u00e4t\u00e4\/muokata sis\u00e4lt\u00f6\u00e4<\/li>\n\n\n\n<li>Luo uusi artikkeli \/ sivu \/ ty\u00f6pajan tuotos<\/li>\n\n\n\n<li>Julkaise se.<\/li>\n<\/ol>\n\n\n\n<p><\/p>\n","protected":false},"excerpt":{"rendered":"<p>T\u00e4ss\u00e4 ohjesivu p\u00e4\u00e4toimittajalle.<\/p>\n","protected":false},"author":1,"featured_media":0,"parent":0,"menu_order":0,"comment_status":"closed","ping_status":"closed","template":"","meta":{"footnotes":""},"class_list":["post-25","page","type-page","status-publish","hentry"],"_links":{"self":[{"href":"https:\/\/www.tulevaisuusluotain.fi\/docs\/index.php?rest_route=\/wp\/v2\/pages\/25","targetHints":{"allow":["GET"]}}],"collection":[{"href":"https:\/\/www.tulevaisuusluotain.fi\/docs\/index.php?rest_route=\/wp\/v2\/pages"}],"about":[{"href":"https:\/\/www.tulevaisuusluotain.fi\/docs\/index.php?rest_route=\/wp\/v2\/types\/page"}],"author":[{"embeddable":true,"href":"https:\/\/www.tulevaisuusluotain.fi\/docs\/index.php?rest_route=\/wp\/v2\/users\/1"}],"replies":[{"embeddable":true,"href":"https:\/\/www.tulevaisuusluotain.fi\/docs\/index.php?rest_route=%2Fwp%2Fv2%2Fcomments&post=25"}],"version-history":[{"count":8,"href":"https:\/\/www.tulevaisuusluotain.fi\/docs\/index.php?rest_route=\/wp\/v2\/pages\/25\/revisions"}],"predecessor-version":[{"id":53,"href":"https:\/\/www.tulevaisuusluotain.fi\/docs\/index.php?rest_route=\/wp\/v2\/pages\/25\/revisions\/53"}],"wp:attachment":[{"href":"https:\/\/www.tulevaisuusluotain.fi\/docs\/index.php?rest_route=%2Fwp%2Fv2%2Fmedia&parent=25"}],"curies":[{"name":"wp","href":"https:\/\/api.w.org\/{rel}","templated":true}]}}