{"id":140,"date":"2025-11-06T11:42:42","date_gmt":"2025-11-06T11:42:42","guid":{"rendered":"https:\/\/www.tulevaisuusluotain.fi\/docs\/?page_id=140"},"modified":"2025-11-06T11:44:45","modified_gmt":"2025-11-06T11:44:45","slug":"ohje","status":"publish","type":"page","link":"https:\/\/www.tulevaisuusluotain.fi\/docs\/?page_id=140","title":{"rendered":"Ohje"},"content":{"rendered":"\n<h1 class=\"wp-block-heading\">WordPress K\u00e4ytt\u00f6ohje: Tulevaisuuskuva-sivun artikkeleiden ja sivujen muokkaus \/ lis\u00e4ys<\/h1>\n\n\n\n<p>T\u00e4ss\u00e4 ohjeessa kuvataan, kuinka voit muokata ja lis\u00e4t\u00e4 artikkeleita sek\u00e4 sivuja WordPress-sivustolla, erityisesti &#8217;Tulevaisuuskuva&#8217;-sivua varten.<\/p>\n\n\n\n<h2 class=\"wp-block-heading\">1. Kirjautuminen WordPressiin<\/h2>\n\n\n\n<p>\u2022 Mene osoitteeseen: <a href=\"https:\/\/[sivustonosoite]\/wp-admin\">https:\/\/[sivustonosoite]\/wp-admin<\/a> \/ tai paina \u2018muokkaa\u2019 sivun yl\u00e4laidassa<br>\u2022 Kirjaudu sis\u00e4\u00e4n k\u00e4ytt\u00e4j\u00e4tunnuksella ja salasanalla.<\/p>\n\n\n\n<figure class=\"wp-block-image size-full\"><img loading=\"lazy\" decoding=\"async\" width=\"545\" height=\"545\" src=\"https:\/\/www.tulevaisuusluotain.fi\/docs\/wp-content\/uploads\/2025\/11\/image-7.jpg\" alt=\"\" class=\"wp-image-149\" srcset=\"https:\/\/www.tulevaisuusluotain.fi\/docs\/wp-content\/uploads\/2025\/11\/image-7.jpg 545w, https:\/\/www.tulevaisuusluotain.fi\/docs\/wp-content\/uploads\/2025\/11\/image-7-300x300.jpg 300w, https:\/\/www.tulevaisuusluotain.fi\/docs\/wp-content\/uploads\/2025\/11\/image-7-150x150.jpg 150w\" sizes=\"auto, (max-width: 545px) 100vw, 545px\" \/><\/figure>\n\n\n\n<h2 class=\"wp-block-heading\">2. Artikkelin tai sivun muokkaus<\/h2>\n\n\n\n<p>\u2022 Valitse vasemman reunan valikosta:<br>&nbsp; &#8211; Artikkelit \u2192 jos haluat muokata blogikirjoitusta\/ty\u00f6pajaraporttia.<br>&nbsp; &#8211; Sivut \u2192 jos haluat muokata varsinaista verkkosivua (tulevaisuuskuva).<br>\u2022 Etsi haluamasi sis\u00e4lt\u00f6 listasta ja klikkaa sen nime\u00e4.<br>\u2022 Tee tarvittavat muutokset editorissa (Classic Editor tai Gutenberg-lohkoeditori).<br>\u2022 Klikkaa P\u00e4ivit\u00e4 tallentaaksesi muutokset.<\/p>\n\n\n\n<figure class=\"wp-block-image size-full\"><img loading=\"lazy\" decoding=\"async\" width=\"608\" height=\"552\" src=\"https:\/\/www.tulevaisuusluotain.fi\/docs\/wp-content\/uploads\/2025\/11\/image-6.jpg\" alt=\"\" class=\"wp-image-148\" srcset=\"https:\/\/www.tulevaisuusluotain.fi\/docs\/wp-content\/uploads\/2025\/11\/image-6.jpg 608w, https:\/\/www.tulevaisuusluotain.fi\/docs\/wp-content\/uploads\/2025\/11\/image-6-300x272.jpg 300w\" sizes=\"auto, (max-width: 608px) 100vw, 608px\" \/><\/figure>\n\n\n\n<h2 class=\"wp-block-heading\">3. Uuden artikkelin tai sivun lis\u00e4\u00e4minen<\/h2>\n\n\n\n<p>\u2022 Valitse:<br>&nbsp; &#8211; Artikkelit &gt; Lis\u00e4\u00e4 uusi<br>&nbsp; &#8211; Sivut &gt; Lis\u00e4\u00e4 uusi<\/p>\n\n\n\n<figure class=\"wp-block-image size-full\"><img loading=\"lazy\" decoding=\"async\" width=\"587\" height=\"587\" src=\"https:\/\/www.tulevaisuusluotain.fi\/docs\/wp-content\/uploads\/2025\/11\/image-4.jpg\" alt=\"\" class=\"wp-image-146\" srcset=\"https:\/\/www.tulevaisuusluotain.fi\/docs\/wp-content\/uploads\/2025\/11\/image-4.jpg 587w, https:\/\/www.tulevaisuusluotain.fi\/docs\/wp-content\/uploads\/2025\/11\/image-4-300x300.jpg 300w, https:\/\/www.tulevaisuusluotain.fi\/docs\/wp-content\/uploads\/2025\/11\/image-4-150x150.jpg 150w\" sizes=\"auto, (max-width: 587px) 100vw, 587px\" \/><\/figure>\n\n\n\n<p><br>\u2022 Anna otsikko ja lis\u00e4\u00e4 sis\u00e4lt\u00f6.<br>\u2022 Valitse tarvittaessa:<br>&nbsp; &#8211; Kategoriat (artikkeleille)<br>&nbsp; &#8211; Sivupohja tai vanhempi sivu (sivuille)<br>\u2022 Klikkaa Julkaise kun sis\u00e4lt\u00f6 on valmis.<\/p>\n\n\n\n<h2 class=\"wp-block-heading\">4. Kuvien ja tiedostojen lis\u00e4\u00e4minen<\/h2>\n\n\n\n<p>\u2022 Klikkaa editorissa Lis\u00e4\u00e4 media.<br>\u2022 Lataa uusi tiedosto tai valitse olemassa oleva mediakirjastosta.<br>\u2022 Lis\u00e4\u00e4 kuva tai tiedosto haluttuun kohtaan.<\/p>\n\n\n\n<h2 class=\"wp-block-heading\">5. Linkkien lis\u00e4\u00e4minen<\/h2>\n\n\n\n<p>\u2022 Maalaa teksti, johon haluat lis\u00e4t\u00e4 linkin.<br>\u2022 Klikkaa linkki-kuvaketta (ketjun kuva).<br>\u2022 Sy\u00f6t\u00e4 URL-osoite ja vahvista.<\/p>\n\n\n\n<h2 class=\"wp-block-heading\">5. Lis\u00e4\u00e4 artikkeliin teaser osuus, joka n\u00e4ytet\u00e4\u00e4n listauksessa<\/h2>\n\n\n\n<p>\u2022 Valitse kohta johon haluat esikatselun p\u00e4\u00e4ttyv\u00e4n<br>\u2022 Kirjoita \/more , ja valitse \u2018Lis\u00e4\u00e4\u2019<\/p>\n\n\n\n<p><img loading=\"lazy\" decoding=\"async\" width=\"604\" height=\"548\" src=\"blob:https:\/\/www.tulevaisuusluotain.fi\/17a26747-9c29-4319-a467-a61feef832fc\"><br>\u2022 Julkaise artikkeli<\/p>\n\n\n\n<figure class=\"wp-block-image size-full\"><img loading=\"lazy\" decoding=\"async\" width=\"630\" height=\"572\" src=\"https:\/\/www.tulevaisuusluotain.fi\/docs\/wp-content\/uploads\/2025\/11\/image-5.jpg\" alt=\"\" class=\"wp-image-147\" srcset=\"https:\/\/www.tulevaisuusluotain.fi\/docs\/wp-content\/uploads\/2025\/11\/image-5.jpg 630w, https:\/\/www.tulevaisuusluotain.fi\/docs\/wp-content\/uploads\/2025\/11\/image-5-300x272.jpg 300w\" sizes=\"auto, (max-width: 630px) 100vw, 630px\" \/><\/figure>\n","protected":false},"excerpt":{"rendered":"<p>WordPress K\u00e4ytt\u00f6ohje: Tulevaisuuskuva-sivun artikkeleiden ja sivujen muokkaus \/ lis\u00e4ys T\u00e4ss\u00e4 ohjeessa kuvataan, kuinka voit muokata ja lis\u00e4t\u00e4 artikkeleita sek\u00e4 sivuja WordPress-sivustolla, erityisesti &#8217;Tulevaisuuskuva&#8217;-sivua varten. 1. Kirjautuminen WordPressiin \u2022 Mene osoitteeseen: https:\/\/[sivustonosoite]\/wp-admin \/ tai paina \u2018muokkaa\u2019 sivun yl\u00e4laidassa\u2022 Kirjaudu sis\u00e4\u00e4n k\u00e4ytt\u00e4j\u00e4tunnuksella ja salasanalla. 2. Artikkelin tai sivun muokkaus \u2022 Valitse vasemman reunan valikosta:&nbsp; &#8211; Artikkelit \u2192 [&hellip;]<\/p>\n","protected":false},"author":1,"featured_media":0,"parent":0,"menu_order":0,"comment_status":"closed","ping_status":"closed","template":"","meta":{"footnotes":""},"class_list":["post-140","page","type-page","status-publish","hentry"],"_links":{"self":[{"href":"https:\/\/www.tulevaisuusluotain.fi\/docs\/index.php?rest_route=\/wp\/v2\/pages\/140","targetHints":{"allow":["GET"]}}],"collection":[{"href":"https:\/\/www.tulevaisuusluotain.fi\/docs\/index.php?rest_route=\/wp\/v2\/pages"}],"about":[{"href":"https:\/\/www.tulevaisuusluotain.fi\/docs\/index.php?rest_route=\/wp\/v2\/types\/page"}],"author":[{"embeddable":true,"href":"https:\/\/www.tulevaisuusluotain.fi\/docs\/index.php?rest_route=\/wp\/v2\/users\/1"}],"replies":[{"embeddable":true,"href":"https:\/\/www.tulevaisuusluotain.fi\/docs\/index.php?rest_route=%2Fwp%2Fv2%2Fcomments&post=140"}],"version-history":[{"count":2,"href":"https:\/\/www.tulevaisuusluotain.fi\/docs\/index.php?rest_route=\/wp\/v2\/pages\/140\/revisions"}],"predecessor-version":[{"id":150,"href":"https:\/\/www.tulevaisuusluotain.fi\/docs\/index.php?rest_route=\/wp\/v2\/pages\/140\/revisions\/150"}],"wp:attachment":[{"href":"https:\/\/www.tulevaisuusluotain.fi\/docs\/index.php?rest_route=%2Fwp%2Fv2%2Fmedia&parent=140"}],"curies":[{"name":"wp","href":"https:\/\/api.w.org\/{rel}","templated":true}]}}